{"id":2707,"date":"2023-12-20T03:46:48","date_gmt":"2023-12-20T02:46:48","guid":{"rendered":"https:\/\/robeznogames.com\/?page_id=2707"},"modified":"2023-12-20T03:46:48","modified_gmt":"2023-12-20T02:46:48","slug":"personalizar-cookies","status":"publish","type":"page","link":"https:\/\/robeznogames.com\/?page_id=2707","title":{"rendered":"Personalizar Cookies"},"content":{"rendered":"\n<div>\n      <div id=\"custom-cookies-eu-label\">\n\n        Esta pagina utiliza Cookies.\n          &nbsp;&nbsp;\n          <a target=\"_blank\" id=\"cookies-eu-more\" rel=\"nofollow\" href=\"https:\/\/robeznogames.com\/?page_id=2706\">M\u00e1s informaci\u00f3n<\/a>\n      <\/div>\n\n      <div id=\"custom-cookies-eu-buttons\" class=\"cookies-eu-buttons\">\n        <button id=\"custom-cookies-eu-reject\" class=\"cookies-eu-reject\">Rechazar<\/button>\n        <button id=\"custom-cookies-eu-accept\" class=\"cookies-eu-accept\">ACEPTAR TODAS LAS COOKIES<\/button><\/div>\n      <\/div>\n\n<br\/>\n<p>\n\tPuedes cambiar tus preferencias de cookies en cualquier momento si vuelves a la p\u00e1gina de Personalizar cookies, a la que puedes acceder a trav\u00e9s del Aviso de cookies. Para obtener m\u00e1s informaci\u00f3n sobre las cookies y c\u00f3mo las usamos, consulta la p\u00e1gina de <a href=\"https:\/\/robeznogames.com\/?page_id=2706\">Pol\u00edtica de Cookies<\/a>.\n<\/p>\n\n<h3>Cookies t\u00e9cnicas<\/h3>\n<p>\n\tSon aquellas que permiten a los usuarios registrados navegar a trav\u00e9s del sitio Web, del \u00e1rea restringida y a utilizar sus diferentes funciones, como por ejemplo, el sistema de comentarios o el buscador y no pueden ser desactivadas.\n<\/p>\n\n<div class=\"custom-cookies-option\">\n  <h3>Cookies de an\u00e1lisis o medici\u00f3n<\/h3>\n  <span>\n    <input type=\"radio\" name=\"cookies-analytics-option\" value=\"true\" class=\"custom-cookies-radio\" data-consent=\"ANLTCS\" id=\"custom-cookies-accept-analytics\" >\n    <label for=\"custom-cookies-accept-analytics\">Activar<\/label>\n    &nbsp;&nbsp;\n    <input type=\"radio\" name=\"cookies-analytics-option\" value=\"false\" class=\"custom-cookies-radio\" data-consent=\"ANLTCS\" id=\"custom-cookies-reject-analytics\" \n    checked>\n    <label for=\"custom-cookies-reject-analytics\">Desactivar<\/label>\n<\/span>\n<\/div>\n\n<p>\n\tSon aquellas que, bien tratadas por el sitio Web o por terceros, permiten cuantificar el n\u00famero de usuarios y as\u00ed realizar la medici\u00f3n y an\u00e1lisis estad\u00edstico de la utilizaci\u00f3n que hacen los usuarios del sitio Web. Para ello se analiza la navegaci\u00f3n que realizas en este sitio Web con el fin de mejorarlo.\n<\/p>\n\n<div class=\"custom-cookies-option\">\n  <h3>Cookies sociales<\/h3>\n  <span>\n    <input type=\"radio\" name=\"cookies-social-option\" value=\"true\" class=\"custom-cookies-radio\" data-consent=\"SCLS\" id=\"custom-cookies-accept-social\" \n    >\n    <label for=\"custom-cookies-accept-social\">Activar<\/label>\n    &nbsp;&nbsp;\n    <input type=\"radio\" name=\"cookies-social-option\" value=\"false\" class=\"custom-cookies-radio\" data-consent=\"SCLS\" id=\"custom-cookies-reject-social\" \n    checked>\n    <label for=\"custom-cookies-reject-social\">Desactivar<\/label>\n<\/span>\n<\/div>\n\n<p>\n  Son establecidas por las plataformas de redes sociales para permitir a los usuarios compartir contenido con sus amigos y redes.  \n<\/p>\n\n","protected":false},"excerpt":{"rendered":"<p>Esta pagina utiliza Cookies. &nbsp;&nbsp; M\u00e1s informaci\u00f3n Rechazar ACEPTAR TODAS LAS COOKIES Puedes cambiar tus preferencias de cookies en cualquier momento si vuelves a la p\u00e1gina de Personalizar cookies, a la que puedes acceder a trav\u00e9s del Aviso de cookies. Para obtener m\u00e1s informaci\u00f3n sobre las cookies y c\u00f3mo las usamos, consulta la p\u00e1gina de [&hellip;]<\/p>\n","protected":false},"author":1,"featured_media":0,"parent":0,"menu_order":0,"comment_status":"closed","ping_status":"closed","template":"","meta":{"_et_pb_use_builder":"","_et_pb_old_content":"","footnotes":""},"yoast_head":"<!-- This site is optimized with the Yoast SEO plugin v22.3 - https:\/\/yoast.com\/wordpress\/plugins\/seo\/ -->\n<title>Personalizar Cookies - RobeznoGames<\/title>\n<meta name=\"robots\" content=\"index, follow, max-snippet:-1, max-image-preview:large, max-video-preview:-1\" \/>\n<link rel=\"canonical\" href=\"https:\/\/robeznogames.com\/?page_id=2707\" \/>\n<meta property=\"og:locale\" content=\"es_ES\" \/>\n<meta property=\"og:type\" content=\"article\" \/>\n<meta property=\"og:title\" content=\"Personalizar Cookies - RobeznoGames\" \/>\n<meta property=\"og:description\" content=\"Esta pagina utiliza Cookies. &nbsp;&nbsp; M\u00e1s informaci\u00f3n Rechazar ACEPTAR TODAS LAS COOKIES Puedes cambiar tus preferencias de cookies en cualquier momento si vuelves a la p\u00e1gina de Personalizar cookies, a la que puedes acceder a trav\u00e9s del Aviso de cookies. Para obtener m\u00e1s informaci\u00f3n sobre las cookies y c\u00f3mo las usamos, consulta la p\u00e1gina de [&hellip;]\" \/>\n<meta property=\"og:url\" content=\"https:\/\/robeznogames.com\/?page_id=2707\" \/>\n<meta property=\"og:site_name\" content=\"RobeznoGames\" \/>\n<meta name=\"twitter:card\" content=\"summary_large_image\" \/>\n<script type=\"application\/ld+json\" class=\"yoast-schema-graph\">{\"@context\":\"https:\/\/schema.org\",\"@graph\":[{\"@type\":\"WebPage\",\"@id\":\"https:\/\/robeznogames.com\/?page_id=2707\",\"url\":\"https:\/\/robeznogames.com\/?page_id=2707\",\"name\":\"Personalizar Cookies - RobeznoGames\",\"isPartOf\":{\"@id\":\"https:\/\/robeznogames.com\/#website\"},\"datePublished\":\"2023-12-20T02:46:48+00:00\",\"dateModified\":\"2023-12-20T02:46:48+00:00\",\"breadcrumb\":{\"@id\":\"https:\/\/robeznogames.com\/?page_id=2707#breadcrumb\"},\"inLanguage\":\"es\",\"potentialAction\":[{\"@type\":\"ReadAction\",\"target\":[\"https:\/\/robeznogames.com\/?page_id=2707\"]}]},{\"@type\":\"BreadcrumbList\",\"@id\":\"https:\/\/robeznogames.com\/?page_id=2707#breadcrumb\",\"itemListElement\":[{\"@type\":\"ListItem\",\"position\":1,\"name\":\"Home\",\"item\":\"https:\/\/robeznogames.com\/\"},{\"@type\":\"ListItem\",\"position\":2,\"name\":\"Personalizar Cookies\"}]},{\"@type\":\"WebSite\",\"@id\":\"https:\/\/robeznogames.com\/#website\",\"url\":\"https:\/\/robeznogames.com\/\",\"name\":\"RobeznoGames\",\"description\":\"Venta de productos Digitales y Licencias de Software\",\"publisher\":{\"@id\":\"https:\/\/robeznogames.com\/#\/schema\/person\/174389b5af0598705d09bfe399c5cbe5\"},\"potentialAction\":[{\"@type\":\"SearchAction\",\"target\":{\"@type\":\"EntryPoint\",\"urlTemplate\":\"https:\/\/robeznogames.com\/?s={search_term_string}\"},\"query-input\":\"required name=search_term_string\"}],\"inLanguage\":\"es\"},{\"@type\":[\"Person\",\"Organization\"],\"@id\":\"https:\/\/robeznogames.com\/#\/schema\/person\/174389b5af0598705d09bfe399c5cbe5\",\"name\":\"xselo2\",\"image\":{\"@type\":\"ImageObject\",\"inLanguage\":\"es\",\"@id\":\"https:\/\/robeznogames.com\/#\/schema\/person\/image\/\",\"url\":\"https:\/\/robeznogames.com\/wp-content\/uploads\/2024\/03\/RBZ.png\",\"contentUrl\":\"https:\/\/robeznogames.com\/wp-content\/uploads\/2024\/03\/RBZ.png\",\"width\":421,\"height\":421,\"caption\":\"xselo2\"},\"logo\":{\"@id\":\"https:\/\/robeznogames.com\/#\/schema\/person\/image\/\"}}]}<\/script>\n<!-- \/ Yoast SEO plugin. -->","yoast_head_json":{"title":"Personalizar Cookies - RobeznoGames","robots":{"index":"index","follow":"follow","max-snippet":"max-snippet:-1","max-image-preview":"max-image-preview:large","max-video-preview":"max-video-preview:-1"},"canonical":"https:\/\/robeznogames.com\/?page_id=2707","og_locale":"es_ES","og_type":"article","og_title":"Personalizar Cookies - RobeznoGames","og_description":"Esta pagina utiliza Cookies. &nbsp;&nbsp; M\u00e1s informaci\u00f3n Rechazar ACEPTAR TODAS LAS COOKIES Puedes cambiar tus preferencias de cookies en cualquier momento si vuelves a la p\u00e1gina de Personalizar cookies, a la que puedes acceder a trav\u00e9s del Aviso de cookies. Para obtener m\u00e1s informaci\u00f3n sobre las cookies y c\u00f3mo las usamos, consulta la p\u00e1gina de [&hellip;]","og_url":"https:\/\/robeznogames.com\/?page_id=2707","og_site_name":"RobeznoGames","twitter_card":"summary_large_image","schema":{"@context":"https:\/\/schema.org","@graph":[{"@type":"WebPage","@id":"https:\/\/robeznogames.com\/?page_id=2707","url":"https:\/\/robeznogames.com\/?page_id=2707","name":"Personalizar Cookies - RobeznoGames","isPartOf":{"@id":"https:\/\/robeznogames.com\/#website"},"datePublished":"2023-12-20T02:46:48+00:00","dateModified":"2023-12-20T02:46:48+00:00","breadcrumb":{"@id":"https:\/\/robeznogames.com\/?page_id=2707#breadcrumb"},"inLanguage":"es","potentialAction":[{"@type":"ReadAction","target":["https:\/\/robeznogames.com\/?page_id=2707"]}]},{"@type":"BreadcrumbList","@id":"https:\/\/robeznogames.com\/?page_id=2707#breadcrumb","itemListElement":[{"@type":"ListItem","position":1,"name":"Home","item":"https:\/\/robeznogames.com\/"},{"@type":"ListItem","position":2,"name":"Personalizar Cookies"}]},{"@type":"WebSite","@id":"https:\/\/robeznogames.com\/#website","url":"https:\/\/robeznogames.com\/","name":"RobeznoGames","description":"Venta de productos Digitales y Licencias de Software","publisher":{"@id":"https:\/\/robeznogames.com\/#\/schema\/person\/174389b5af0598705d09bfe399c5cbe5"},"potentialAction":[{"@type":"SearchAction","target":{"@type":"EntryPoint","urlTemplate":"https:\/\/robeznogames.com\/?s={search_term_string}"},"query-input":"required name=search_term_string"}],"inLanguage":"es"},{"@type":["Person","Organization"],"@id":"https:\/\/robeznogames.com\/#\/schema\/person\/174389b5af0598705d09bfe399c5cbe5","name":"xselo2","image":{"@type":"ImageObject","inLanguage":"es","@id":"https:\/\/robeznogames.com\/#\/schema\/person\/image\/","url":"https:\/\/robeznogames.com\/wp-content\/uploads\/2024\/03\/RBZ.png","contentUrl":"https:\/\/robeznogames.com\/wp-content\/uploads\/2024\/03\/RBZ.png","width":421,"height":421,"caption":"xselo2"},"logo":{"@id":"https:\/\/robeznogames.com\/#\/schema\/person\/image\/"}}]}},"jetpack_sharing_enabled":true,"_links":{"self":[{"href":"https:\/\/robeznogames.com\/index.php?rest_route=\/wp\/v2\/pages\/2707"}],"collection":[{"href":"https:\/\/robeznogames.com\/index.php?rest_route=\/wp\/v2\/pages"}],"about":[{"href":"https:\/\/robeznogames.com\/index.php?rest_route=\/wp\/v2\/types\/page"}],"author":[{"embeddable":true,"href":"https:\/\/robeznogames.com\/index.php?rest_route=\/wp\/v2\/users\/1"}],"replies":[{"embeddable":true,"href":"https:\/\/robeznogames.com\/index.php?rest_route=%2Fwp%2Fv2%2Fcomments&post=2707"}],"version-history":[{"count":0,"href":"https:\/\/robeznogames.com\/index.php?rest_route=\/wp\/v2\/pages\/2707\/revisions"}],"wp:attachment":[{"href":"https:\/\/robeznogames.com\/index.php?rest_route=%2Fwp%2Fv2%2Fmedia&parent=2707"}],"curies":[{"name":"wp","href":"https:\/\/api.w.org\/{rel}","templated":true}]}}