{"id":4548,"date":"2025-04-09T22:19:46","date_gmt":"2025-04-10T03:19:46","guid":{"rendered":"https:\/\/robeznogames.com\/?post_type=product&#038;p=4548"},"modified":"2026-02-24T20:22:22","modified_gmt":"2026-02-25T01:22:22","slug":"adobe-creative-cloud-2025-ia","status":"publish","type":"product","link":"https:\/\/robeznogames.com\/?product=adobe-creative-cloud-2025-ia","title":{"rendered":"Adobe Creative Cloud 2025 + IA"},"content":{"rendered":"<p>[et_pb_section bb_built=\u00bb1&#8243; inner_width=\u00bbauto\u00bb inner_max_width=\u00bbnone\u00bb][et_pb_row][et_pb_column type=\u00bb4_4&#8243;][et_pb_text _builder_version=\u00bb3.23.2&#8243; text_text_shadow_horizontal_length=\u00bbtext_text_shadow_style,%91object Object%93&#8243; text_text_shadow_horizontal_length_tablet=\u00bb0px\u00bb text_text_shadow_vertical_length=\u00bbtext_text_shadow_style,%91object Object%93&#8243; text_text_shadow_vertical_length_tablet=\u00bb0px\u00bb text_text_shadow_blur_strength=\u00bbtext_text_shadow_style,%91object Object%93&#8243; text_text_shadow_blur_strength_tablet=\u00bb1px\u00bb link_text_shadow_horizontal_length=\u00bblink_text_shadow_style,%91object Object%93&#8243; link_text_shadow_horizontal_length_tablet=\u00bb0px\u00bb link_text_shadow_vertical_length=\u00bblink_text_shadow_style,%91object Object%93&#8243; link_text_shadow_vertical_length_tablet=\u00bb0px\u00bb link_text_shadow_blur_strength=\u00bblink_text_shadow_style,%91object Object%93&#8243; link_text_shadow_blur_strength_tablet=\u00bb1px\u00bb ul_text_shadow_horizontal_length=\u00bbul_text_shadow_style,%91object Object%93&#8243; ul_text_shadow_horizontal_length_tablet=\u00bb0px\u00bb ul_text_shadow_vertical_length=\u00bbul_text_shadow_style,%91object Object%93&#8243; ul_text_shadow_vertical_length_tablet=\u00bb0px\u00bb ul_text_shadow_blur_strength=\u00bbul_text_shadow_style,%91object Object%93&#8243; ul_text_shadow_blur_strength_tablet=\u00bb1px\u00bb ol_text_shadow_horizontal_length=\u00bbol_text_shadow_style,%91object Object%93&#8243; ol_text_shadow_horizontal_length_tablet=\u00bb0px\u00bb ol_text_shadow_vertical_length=\u00bbol_text_shadow_style,%91object Object%93&#8243; ol_text_shadow_vertical_length_tablet=\u00bb0px\u00bb ol_text_shadow_blur_strength=\u00bbol_text_shadow_style,%91object Object%93&#8243; ol_text_shadow_blur_strength_tablet=\u00bb1px\u00bb quote_text_shadow_horizontal_length=\u00bbquote_text_shadow_style,%91object Object%93&#8243; quote_text_shadow_horizontal_length_tablet=\u00bb0px\u00bb quote_text_shadow_vertical_length=\u00bbquote_text_shadow_style,%91object Object%93&#8243; quote_text_shadow_vertical_length_tablet=\u00bb0px\u00bb quote_text_shadow_blur_strength=\u00bbquote_text_shadow_style,%91object Object%93&#8243; quote_text_shadow_blur_strength_tablet=\u00bb1px\u00bb header_text_shadow_horizontal_length=\u00bbheader_text_shadow_style,%91object Object%93&#8243; header_text_shadow_horizontal_length_tablet=\u00bb0px\u00bb header_text_shadow_vertical_length=\u00bbheader_text_shadow_style,%91object Object%93&#8243; header_text_shadow_vertical_length_tablet=\u00bb0px\u00bb header_text_shadow_blur_strength=\u00bbheader_text_shadow_style,%91object Object%93&#8243; header_text_shadow_blur_strength_tablet=\u00bb1px\u00bb header_2_text_shadow_horizontal_length=\u00bbheader_2_text_shadow_style,%91object Object%93&#8243; header_2_text_shadow_horizontal_length_tablet=\u00bb0px\u00bb header_2_text_shadow_vertical_length=\u00bbheader_2_text_shadow_style,%91object Object%93&#8243; header_2_text_shadow_vertical_length_tablet=\u00bb0px\u00bb header_2_text_shadow_blur_strength=\u00bbheader_2_text_shadow_style,%91object Object%93&#8243; header_2_text_shadow_blur_strength_tablet=\u00bb1px\u00bb header_3_text_shadow_horizontal_length=\u00bbheader_3_text_shadow_style,%91object Object%93&#8243; header_3_text_shadow_horizontal_length_tablet=\u00bb0px\u00bb header_3_text_shadow_vertical_length=\u00bbheader_3_text_shadow_style,%91object Object%93&#8243; header_3_text_shadow_vertical_length_tablet=\u00bb0px\u00bb header_3_text_shadow_blur_strength=\u00bbheader_3_text_shadow_style,%91object Object%93&#8243; header_3_text_shadow_blur_strength_tablet=\u00bb1px\u00bb header_4_text_shadow_horizontal_length=\u00bbheader_4_text_shadow_style,%91object Object%93&#8243; header_4_text_shadow_horizontal_length_tablet=\u00bb0px\u00bb header_4_text_shadow_vertical_length=\u00bbheader_4_text_shadow_style,%91object Object%93&#8243; header_4_text_shadow_vertical_length_tablet=\u00bb0px\u00bb header_4_text_shadow_blur_strength=\u00bbheader_4_text_shadow_style,%91object Object%93&#8243; header_4_text_shadow_blur_strength_tablet=\u00bb1px\u00bb header_5_text_shadow_horizontal_length=\u00bbheader_5_text_shadow_style,%91object Object%93&#8243; header_5_text_shadow_horizontal_length_tablet=\u00bb0px\u00bb header_5_text_shadow_vertical_length=\u00bbheader_5_text_shadow_style,%91object Object%93&#8243; header_5_text_shadow_vertical_length_tablet=\u00bb0px\u00bb header_5_text_shadow_blur_strength=\u00bbheader_5_text_shadow_style,%91object Object%93&#8243; header_5_text_shadow_blur_strength_tablet=\u00bb1px\u00bb header_6_text_shadow_horizontal_length=\u00bbheader_6_text_shadow_style,%91object Object%93&#8243; header_6_text_shadow_horizontal_length_tablet=\u00bb0px\u00bb header_6_text_shadow_vertical_length=\u00bbheader_6_text_shadow_style,%91object Object%93&#8243; header_6_text_shadow_vertical_length_tablet=\u00bb0px\u00bb header_6_text_shadow_blur_strength=\u00bbheader_6_text_shadow_style,%91object Object%93&#8243; header_6_text_shadow_blur_strength_tablet=\u00bb1px\u00bb box_shadow_horizontal_tablet=\u00bb0px\u00bb box_shadow_vertical_tablet=\u00bb0px\u00bb box_shadow_blur_tablet=\u00bb40px\u00bb box_shadow_spread_tablet=\u00bb0px\u00bb z_index_tablet=\u00bb500&#8243;]<\/p>\n<p><span style=\"color: #000000;\">\ud83d\udccc Adobe Cloud 2025 (1 PC)<\/span><\/p>\n<p><span style=\"color: #000000;\">\ud83d\udd30 Licencia x 1 a\u00f1o = s\/320 soles<\/span><br \/><span style=\"color: #000000;\">\ud83d\udd30 Precio Por Programa = s\/.80 soles<\/span><br \/><span style=\"color: #000000;\">\ud83d\udd30 con acceso a la I.A.<\/span><\/p>\n<p><span style=\"color: #000000;\">El paquete completo contiene:<\/span><\/p>\n<p><span style=\"color: #000000;\">\u2013 Adobe Photoshop 2025<\/span><br \/><span style=\"color: #000000;\">\u2013 Adobe Lightroom Classic 2025<\/span><br \/><span style=\"color: #000000;\">\u2013 Adobe Premiere Pro 2025<\/span><br \/><span style=\"color: #000000;\">\u2013 Adobe Illustrator 2025<\/span><br \/><span style=\"color: #000000;\">\u2013 Adobe After Effects 2025<\/span><br \/><span style=\"color: #000000;\">\u2013 Adobe Media Encoder 2025<\/span><br \/><span style=\"color: #000000;\">\u2013 Adobe Audition 2025<\/span><br \/><span style=\"color: #000000;\">\u2013 Adobe Bridge 2025<\/span><br \/><span style=\"color: #000000;\">\u2013 Adobe Character Animator 2025<\/span><br \/><span style=\"color: #000000;\">\u2013 Adobe Fresco 2025<\/span><br \/><span style=\"color: #000000;\">\u2013 Adobe Acrobat Pro DC 2025<\/span><br \/><span style=\"color: #000000;\">\u2013 Adobe InCopy 2025<\/span><br \/><span style=\"color: #000000;\">\u2013 Adobe InDesign 2025<\/span><br \/><span style=\"color: #000000;\">\u2013 Adobe Premiere Rush 2025<\/span><br \/><span style=\"color: #000000;\">\u2013 Adobe XD 2025<\/span><\/p>\n<p><span style=\"color: #000000;\">\ud83d\udda5 instalaci\u00f3n y activaci\u00f3n remota v\u00eda anydesk<\/span><\/p>\n<p><span style=\"color: #000000;\">\ud83d\udcb3 \ud835\udde0\ud835\uddf2\ud835\uddf1\ud835\uddf6\ud835\uddfc\ud835\ude00 \ud835\uddf1\ud835\uddf2 \ud835\uddfd\ud835\uddee\ud835\uddf4\ud835\uddfc:<\/span><br \/><span style=\"color: #000000;\">\ud83d\udcf2 YAPE | \ud83d\udcf2 PLIN | \ud83c\udfe6 BCP | \ud83c\udfe6 INTERBANK<\/span><\/p>\n<p><span style=\"color: #000000;\">\ud83d\udce9 Escr\u00edbenos y obt\u00e9n tu licencia HOY MISMO. \ud83d\ude80<\/span><\/p>\n<p>[\/et_pb_text][\/et_pb_column][\/et_pb_row][\/et_pb_section]<\/p>\n","protected":false},"excerpt":{"rendered":"<p>[et_pb_section bb_built=\u00bb1&#8243; inner_width=\u00bbauto\u00bb inner_max_width=\u00bbnone\u00bb][et_pb_row][et_pb_column type=\u00bb4_4&#8243;][et_pb_text _builder_version=\u00bb3.23.2&#8243; text_text_shadow_horizontal_length=\u00bbtext_text_shadow_style,%91object Object%93&#8243; text_text_shadow_horizontal_length_tablet=\u00bb0px\u00bb text_text_shadow_vertical_length=\u00bbtext_text_shadow_style,%91object Object%93&#8243; text_text_shadow_vertical_length_tablet=\u00bb0px\u00bb text_text_shadow_blur_strength=\u00bbtext_text_shadow_style,%91object Object%93&#8243; text_text_shadow_blur_strength_tablet=\u00bb1px\u00bb link_text_shadow_horizontal_length=\u00bblink_text_shadow_style,%91object Object%93&#8243; link_text_shadow_horizontal_length_tablet=\u00bb0px\u00bb link_text_shadow_vertical_length=\u00bblink_text_shadow_style,%91object Object%93&#8243; link_text_shadow_vertical_length_tablet=\u00bb0px\u00bb link_text_shadow_blur_strength=\u00bblink_text_shadow_style,%91object Object%93&#8243; link_text_shadow_blur_strength_tablet=\u00bb1px\u00bb ul_text_shadow_horizontal_length=\u00bbul_text_shadow_style,%91object Object%93&#8243; ul_text_shadow_horizontal_length_tablet=\u00bb0px\u00bb ul_text_shadow_vertical_length=\u00bbul_text_shadow_style,%91object Object%93&#8243; ul_text_shadow_vertical_length_tablet=\u00bb0px\u00bb ul_text_shadow_blur_strength=\u00bbul_text_shadow_style,%91object Object%93&#8243; ul_text_shadow_blur_strength_tablet=\u00bb1px\u00bb ol_text_shadow_horizontal_length=\u00bbol_text_shadow_style,%91object Object%93&#8243; ol_text_shadow_horizontal_length_tablet=\u00bb0px\u00bb ol_text_shadow_vertical_length=\u00bbol_text_shadow_style,%91object Object%93&#8243; ol_text_shadow_vertical_length_tablet=\u00bb0px\u00bb ol_text_shadow_blur_strength=\u00bbol_text_shadow_style,%91object Object%93&#8243; ol_text_shadow_blur_strength_tablet=\u00bb1px\u00bb quote_text_shadow_horizontal_length=\u00bbquote_text_shadow_style,%91object Object%93&#8243; quote_text_shadow_horizontal_length_tablet=\u00bb0px\u00bb quote_text_shadow_vertical_length=\u00bbquote_text_shadow_style,%91object Object%93&#8243; quote_text_shadow_vertical_length_tablet=\u00bb0px\u00bb quote_text_shadow_blur_strength=\u00bbquote_text_shadow_style,%91object Object%93&#8243; quote_text_shadow_blur_strength_tablet=\u00bb1px\u00bb header_text_shadow_horizontal_length=\u00bbheader_text_shadow_style,%91object Object%93&#8243; header_text_shadow_horizontal_length_tablet=\u00bb0px\u00bb header_text_shadow_vertical_length=\u00bbheader_text_shadow_style,%91object [&hellip;]<\/p>\n","protected":false},"featured_media":4549,"comment_status":"open","ping_status":"closed","template":"","meta":{"_et_pb_use_builder":"on","_et_pb_old_content":""},"product_cat":[64],"product_tag":[],"yoast_head":"<!-- This site is optimized with the Yoast SEO plugin v22.3 - https:\/\/yoast.com\/wordpress\/plugins\/seo\/ -->\n<title>Adobe Creative Cloud 2025 + IA - RobeznoGames<\/title>\n<meta name=\"robots\" content=\"index, follow, max-snippet:-1, max-image-preview:large, max-video-preview:-1\" \/>\n<link rel=\"canonical\" href=\"https:\/\/robeznogames.com\/?product=adobe-creative-cloud-2025-ia\" \/>\n<meta property=\"og:locale\" content=\"es_ES\" \/>\n<meta property=\"og:type\" content=\"article\" \/>\n<meta property=\"og:title\" content=\"Adobe Creative Cloud 2025 + IA - RobeznoGames\" \/>\n<meta property=\"og:description\" content=\"[et_pb_section bb_built=\u00bb1&#8243; inner_width=\u00bbauto\u00bb inner_max_width=\u00bbnone\u00bb][et_pb_row][et_pb_column type=\u00bb4_4&#8243;][et_pb_text _builder_version=\u00bb3.23.2&#8243; text_text_shadow_horizontal_length=\u00bbtext_text_shadow_style,%91object Object%93&#8243; text_text_shadow_horizontal_length_tablet=\u00bb0px\u00bb text_text_shadow_vertical_length=\u00bbtext_text_shadow_style,%91object Object%93&#8243; text_text_shadow_vertical_length_tablet=\u00bb0px\u00bb text_text_shadow_blur_strength=\u00bbtext_text_shadow_style,%91object Object%93&#8243; text_text_shadow_blur_strength_tablet=\u00bb1px\u00bb link_text_shadow_horizontal_length=\u00bblink_text_shadow_style,%91object Object%93&#8243; link_text_shadow_horizontal_length_tablet=\u00bb0px\u00bb link_text_shadow_vertical_length=\u00bblink_text_shadow_style,%91object Object%93&#8243; link_text_shadow_vertical_length_tablet=\u00bb0px\u00bb link_text_shadow_blur_strength=\u00bblink_text_shadow_style,%91object Object%93&#8243; link_text_shadow_blur_strength_tablet=\u00bb1px\u00bb ul_text_shadow_horizontal_length=\u00bbul_text_shadow_style,%91object Object%93&#8243; ul_text_shadow_horizontal_length_tablet=\u00bb0px\u00bb ul_text_shadow_vertical_length=\u00bbul_text_shadow_style,%91object Object%93&#8243; ul_text_shadow_vertical_length_tablet=\u00bb0px\u00bb ul_text_shadow_blur_strength=\u00bbul_text_shadow_style,%91object Object%93&#8243; ul_text_shadow_blur_strength_tablet=\u00bb1px\u00bb ol_text_shadow_horizontal_length=\u00bbol_text_shadow_style,%91object Object%93&#8243; ol_text_shadow_horizontal_length_tablet=\u00bb0px\u00bb ol_text_shadow_vertical_length=\u00bbol_text_shadow_style,%91object Object%93&#8243; ol_text_shadow_vertical_length_tablet=\u00bb0px\u00bb ol_text_shadow_blur_strength=\u00bbol_text_shadow_style,%91object Object%93&#8243; ol_text_shadow_blur_strength_tablet=\u00bb1px\u00bb quote_text_shadow_horizontal_length=\u00bbquote_text_shadow_style,%91object Object%93&#8243; quote_text_shadow_horizontal_length_tablet=\u00bb0px\u00bb quote_text_shadow_vertical_length=\u00bbquote_text_shadow_style,%91object Object%93&#8243; quote_text_shadow_vertical_length_tablet=\u00bb0px\u00bb quote_text_shadow_blur_strength=\u00bbquote_text_shadow_style,%91object Object%93&#8243; quote_text_shadow_blur_strength_tablet=\u00bb1px\u00bb header_text_shadow_horizontal_length=\u00bbheader_text_shadow_style,%91object Object%93&#8243; header_text_shadow_horizontal_length_tablet=\u00bb0px\u00bb header_text_shadow_vertical_length=\u00bbheader_text_shadow_style,%91object [&hellip;]\" \/>\n<meta property=\"og:url\" content=\"https:\/\/robeznogames.com\/?product=adobe-creative-cloud-2025-ia\" \/>\n<meta property=\"og:site_name\" content=\"RobeznoGames\" \/>\n<meta property=\"article:modified_time\" content=\"2026-02-25T01:22:22+00:00\" \/>\n<meta property=\"og:image\" content=\"https:\/\/robeznogames.com\/wp-content\/uploads\/2025\/04\/ADOBE.jpg\" \/>\n\t<meta property=\"og:image:width\" content=\"1280\" \/>\n\t<meta property=\"og:image:height\" content=\"1280\" \/>\n\t<meta property=\"og:image:type\" content=\"image\/jpeg\" \/>\n<meta name=\"twitter:card\" content=\"summary_large_image\" \/>\n<meta name=\"twitter:label1\" content=\"Est. reading time\" \/>\n\t<meta name=\"twitter:data1\" content=\"1 minuto\" \/>\n<script type=\"application\/ld+json\" class=\"yoast-schema-graph\">{\"@context\":\"https:\/\/schema.org\",\"@graph\":[{\"@type\":\"WebPage\",\"@id\":\"https:\/\/robeznogames.com\/?product=adobe-creative-cloud-2025-ia\",\"url\":\"https:\/\/robeznogames.com\/?product=adobe-creative-cloud-2025-ia\",\"name\":\"Adobe Creative Cloud 2025 + IA - RobeznoGames\",\"isPartOf\":{\"@id\":\"https:\/\/robeznogames.com\/#website\"},\"primaryImageOfPage\":{\"@id\":\"https:\/\/robeznogames.com\/?product=adobe-creative-cloud-2025-ia#primaryimage\"},\"image\":{\"@id\":\"https:\/\/robeznogames.com\/?product=adobe-creative-cloud-2025-ia#primaryimage\"},\"thumbnailUrl\":\"https:\/\/robeznogames.com\/wp-content\/uploads\/2025\/04\/ADOBE.jpg\",\"datePublished\":\"2025-04-10T03:19:46+00:00\",\"dateModified\":\"2026-02-25T01:22:22+00:00\",\"breadcrumb\":{\"@id\":\"https:\/\/robeznogames.com\/?product=adobe-creative-cloud-2025-ia#breadcrumb\"},\"inLanguage\":\"es\",\"potentialAction\":[{\"@type\":\"ReadAction\",\"target\":[\"https:\/\/robeznogames.com\/?product=adobe-creative-cloud-2025-ia\"]}]},{\"@type\":\"ImageObject\",\"inLanguage\":\"es\",\"@id\":\"https:\/\/robeznogames.com\/?product=adobe-creative-cloud-2025-ia#primaryimage\",\"url\":\"https:\/\/robeznogames.com\/wp-content\/uploads\/2025\/04\/ADOBE.jpg\",\"contentUrl\":\"https:\/\/robeznogames.com\/wp-content\/uploads\/2025\/04\/ADOBE.jpg\",\"width\":1280,\"height\":1280},{\"@type\":\"BreadcrumbList\",\"@id\":\"https:\/\/robeznogames.com\/?product=adobe-creative-cloud-2025-ia#breadcrumb\",\"itemListElement\":[{\"@type\":\"ListItem\",\"position\":1,\"name\":\"Home\",\"item\":\"https:\/\/robeznogames.com\/\"},{\"@type\":\"ListItem\",\"position\":2,\"name\":\"Tienda\",\"item\":\"https:\/\/robeznogames.com\/?page_id=157\"},{\"@type\":\"ListItem\",\"position\":3,\"name\":\"Adobe Creative Cloud 2025 + IA\"}]},{\"@type\":\"WebSite\",\"@id\":\"https:\/\/robeznogames.com\/#website\",\"url\":\"https:\/\/robeznogames.com\/\",\"name\":\"RobeznoGames\",\"description\":\"Venta de productos Digitales y Licencias de Software\",\"publisher\":{\"@id\":\"https:\/\/robeznogames.com\/#\/schema\/person\/174389b5af0598705d09bfe399c5cbe5\"},\"potentialAction\":[{\"@type\":\"SearchAction\",\"target\":{\"@type\":\"EntryPoint\",\"urlTemplate\":\"https:\/\/robeznogames.com\/?s={search_term_string}\"},\"query-input\":\"required name=search_term_string\"}],\"inLanguage\":\"es\"},{\"@type\":[\"Person\",\"Organization\"],\"@id\":\"https:\/\/robeznogames.com\/#\/schema\/person\/174389b5af0598705d09bfe399c5cbe5\",\"name\":\"xselo2\",\"image\":{\"@type\":\"ImageObject\",\"inLanguage\":\"es\",\"@id\":\"https:\/\/robeznogames.com\/#\/schema\/person\/image\/\",\"url\":\"https:\/\/robeznogames.com\/wp-content\/uploads\/2024\/03\/RBZ.png\",\"contentUrl\":\"https:\/\/robeznogames.com\/wp-content\/uploads\/2024\/03\/RBZ.png\",\"width\":421,\"height\":421,\"caption\":\"xselo2\"},\"logo\":{\"@id\":\"https:\/\/robeznogames.com\/#\/schema\/person\/image\/\"}}]}<\/script>\n<!-- \/ Yoast SEO plugin. -->","yoast_head_json":{"title":"Adobe Creative Cloud 2025 + IA - RobeznoGames","robots":{"index":"index","follow":"follow","max-snippet":"max-snippet:-1","max-image-preview":"max-image-preview:large","max-video-preview":"max-video-preview:-1"},"canonical":"https:\/\/robeznogames.com\/?product=adobe-creative-cloud-2025-ia","og_locale":"es_ES","og_type":"article","og_title":"Adobe Creative Cloud 2025 + IA - RobeznoGames","og_description":"[et_pb_section bb_built=\u00bb1&#8243; inner_width=\u00bbauto\u00bb inner_max_width=\u00bbnone\u00bb][et_pb_row][et_pb_column type=\u00bb4_4&#8243;][et_pb_text _builder_version=\u00bb3.23.2&#8243; text_text_shadow_horizontal_length=\u00bbtext_text_shadow_style,%91object Object%93&#8243; text_text_shadow_horizontal_length_tablet=\u00bb0px\u00bb text_text_shadow_vertical_length=\u00bbtext_text_shadow_style,%91object Object%93&#8243; text_text_shadow_vertical_length_tablet=\u00bb0px\u00bb text_text_shadow_blur_strength=\u00bbtext_text_shadow_style,%91object Object%93&#8243; text_text_shadow_blur_strength_tablet=\u00bb1px\u00bb link_text_shadow_horizontal_length=\u00bblink_text_shadow_style,%91object Object%93&#8243; link_text_shadow_horizontal_length_tablet=\u00bb0px\u00bb link_text_shadow_vertical_length=\u00bblink_text_shadow_style,%91object Object%93&#8243; link_text_shadow_vertical_length_tablet=\u00bb0px\u00bb link_text_shadow_blur_strength=\u00bblink_text_shadow_style,%91object Object%93&#8243; link_text_shadow_blur_strength_tablet=\u00bb1px\u00bb ul_text_shadow_horizontal_length=\u00bbul_text_shadow_style,%91object Object%93&#8243; ul_text_shadow_horizontal_length_tablet=\u00bb0px\u00bb ul_text_shadow_vertical_length=\u00bbul_text_shadow_style,%91object Object%93&#8243; ul_text_shadow_vertical_length_tablet=\u00bb0px\u00bb ul_text_shadow_blur_strength=\u00bbul_text_shadow_style,%91object Object%93&#8243; ul_text_shadow_blur_strength_tablet=\u00bb1px\u00bb ol_text_shadow_horizontal_length=\u00bbol_text_shadow_style,%91object Object%93&#8243; ol_text_shadow_horizontal_length_tablet=\u00bb0px\u00bb ol_text_shadow_vertical_length=\u00bbol_text_shadow_style,%91object Object%93&#8243; ol_text_shadow_vertical_length_tablet=\u00bb0px\u00bb ol_text_shadow_blur_strength=\u00bbol_text_shadow_style,%91object Object%93&#8243; ol_text_shadow_blur_strength_tablet=\u00bb1px\u00bb quote_text_shadow_horizontal_length=\u00bbquote_text_shadow_style,%91object Object%93&#8243; quote_text_shadow_horizontal_length_tablet=\u00bb0px\u00bb quote_text_shadow_vertical_length=\u00bbquote_text_shadow_style,%91object Object%93&#8243; quote_text_shadow_vertical_length_tablet=\u00bb0px\u00bb quote_text_shadow_blur_strength=\u00bbquote_text_shadow_style,%91object Object%93&#8243; quote_text_shadow_blur_strength_tablet=\u00bb1px\u00bb header_text_shadow_horizontal_length=\u00bbheader_text_shadow_style,%91object Object%93&#8243; header_text_shadow_horizontal_length_tablet=\u00bb0px\u00bb header_text_shadow_vertical_length=\u00bbheader_text_shadow_style,%91object [&hellip;]","og_url":"https:\/\/robeznogames.com\/?product=adobe-creative-cloud-2025-ia","og_site_name":"RobeznoGames","article_modified_time":"2026-02-25T01:22:22+00:00","og_image":[{"width":1280,"height":1280,"url":"https:\/\/robeznogames.com\/wp-content\/uploads\/2025\/04\/ADOBE.jpg","type":"image\/jpeg"}],"twitter_card":"summary_large_image","twitter_misc":{"Est. reading time":"1 minuto"},"schema":{"@context":"https:\/\/schema.org","@graph":[{"@type":"WebPage","@id":"https:\/\/robeznogames.com\/?product=adobe-creative-cloud-2025-ia","url":"https:\/\/robeznogames.com\/?product=adobe-creative-cloud-2025-ia","name":"Adobe Creative Cloud 2025 + IA - RobeznoGames","isPartOf":{"@id":"https:\/\/robeznogames.com\/#website"},"primaryImageOfPage":{"@id":"https:\/\/robeznogames.com\/?product=adobe-creative-cloud-2025-ia#primaryimage"},"image":{"@id":"https:\/\/robeznogames.com\/?product=adobe-creative-cloud-2025-ia#primaryimage"},"thumbnailUrl":"https:\/\/robeznogames.com\/wp-content\/uploads\/2025\/04\/ADOBE.jpg","datePublished":"2025-04-10T03:19:46+00:00","dateModified":"2026-02-25T01:22:22+00:00","breadcrumb":{"@id":"https:\/\/robeznogames.com\/?product=adobe-creative-cloud-2025-ia#breadcrumb"},"inLanguage":"es","potentialAction":[{"@type":"ReadAction","target":["https:\/\/robeznogames.com\/?product=adobe-creative-cloud-2025-ia"]}]},{"@type":"ImageObject","inLanguage":"es","@id":"https:\/\/robeznogames.com\/?product=adobe-creative-cloud-2025-ia#primaryimage","url":"https:\/\/robeznogames.com\/wp-content\/uploads\/2025\/04\/ADOBE.jpg","contentUrl":"https:\/\/robeznogames.com\/wp-content\/uploads\/2025\/04\/ADOBE.jpg","width":1280,"height":1280},{"@type":"BreadcrumbList","@id":"https:\/\/robeznogames.com\/?product=adobe-creative-cloud-2025-ia#breadcrumb","itemListElement":[{"@type":"ListItem","position":1,"name":"Home","item":"https:\/\/robeznogames.com\/"},{"@type":"ListItem","position":2,"name":"Tienda","item":"https:\/\/robeznogames.com\/?page_id=157"},{"@type":"ListItem","position":3,"name":"Adobe Creative Cloud 2025 + IA"}]},{"@type":"WebSite","@id":"https:\/\/robeznogames.com\/#website","url":"https:\/\/robeznogames.com\/","name":"RobeznoGames","description":"Venta de productos Digitales y Licencias de Software","publisher":{"@id":"https:\/\/robeznogames.com\/#\/schema\/person\/174389b5af0598705d09bfe399c5cbe5"},"potentialAction":[{"@type":"SearchAction","target":{"@type":"EntryPoint","urlTemplate":"https:\/\/robeznogames.com\/?s={search_term_string}"},"query-input":"required name=search_term_string"}],"inLanguage":"es"},{"@type":["Person","Organization"],"@id":"https:\/\/robeznogames.com\/#\/schema\/person\/174389b5af0598705d09bfe399c5cbe5","name":"xselo2","image":{"@type":"ImageObject","inLanguage":"es","@id":"https:\/\/robeznogames.com\/#\/schema\/person\/image\/","url":"https:\/\/robeznogames.com\/wp-content\/uploads\/2024\/03\/RBZ.png","contentUrl":"https:\/\/robeznogames.com\/wp-content\/uploads\/2024\/03\/RBZ.png","width":421,"height":421,"caption":"xselo2"},"logo":{"@id":"https:\/\/robeznogames.com\/#\/schema\/person\/image\/"}}]}},"jetpack_sharing_enabled":true,"_links":{"self":[{"href":"https:\/\/robeznogames.com\/index.php?rest_route=\/wp\/v2\/product\/4548"}],"collection":[{"href":"https:\/\/robeznogames.com\/index.php?rest_route=\/wp\/v2\/product"}],"about":[{"href":"https:\/\/robeznogames.com\/index.php?rest_route=\/wp\/v2\/types\/product"}],"replies":[{"embeddable":true,"href":"https:\/\/robeznogames.com\/index.php?rest_route=%2Fwp%2Fv2%2Fcomments&post=4548"}],"wp:featuredmedia":[{"embeddable":true,"href":"https:\/\/robeznogames.com\/index.php?rest_route=\/wp\/v2\/media\/4549"}],"wp:attachment":[{"href":"https:\/\/robeznogames.com\/index.php?rest_route=%2Fwp%2Fv2%2Fmedia&parent=4548"}],"wp:term":[{"taxonomy":"product_cat","embeddable":true,"href":"https:\/\/robeznogames.com\/index.php?rest_route=%2Fwp%2Fv2%2Fproduct_cat&post=4548"},{"taxonomy":"product_tag","embeddable":true,"href":"https:\/\/robeznogames.com\/index.php?rest_route=%2Fwp%2Fv2%2Fproduct_tag&post=4548"}],"curies":[{"name":"wp","href":"https:\/\/api.w.org\/{rel}","templated":true}]}}