{"id":4703,"date":"2025-05-14T21:01:18","date_gmt":"2025-05-15T02:01:18","guid":{"rendered":"https:\/\/robeznogames.com\/?post_type=product&#038;p=4703"},"modified":"2025-07-29T07:50:14","modified_gmt":"2025-07-29T12:50:14","slug":"filmora-14","status":"publish","type":"product","link":"https:\/\/robeznogames.com\/?product=filmora-14","title":{"rendered":"FILMORA 14"},"content":{"rendered":"<p><strong><span style=\"font-size: 8pt; color: #000000;\">\ud83d\udccc Filmora 14 Pro (1PC)<\/span><\/strong><\/p>\n<p><strong><span style=\"font-size: 8pt; color: #000000;\">\ud83d\udd30 Licencia Permanente = s\/80 soles<\/span><\/strong><br \/>\n<strong><span style=\"font-size: 8pt; color: #000000;\">\ud83d\udd30 Licencia por 1 a\u00f1o = s\/50 soles<\/span><\/strong><br \/>\n<strong><span style=\"font-size: 8pt; color: #000000;\">\ud83d\udd30 Vinculable a tu Correo<\/span><\/strong><br \/>\n<strong><span style=\"font-size: 8pt; color: #000000;\">\ud83d\udd30 Funciones premium Activado<\/span><\/strong><\/p>\n<p><strong><span style=\"font-size: 8pt; color: #000000;\">Edita tus videos de manera profesional con la versi\u00f3n pro de filmora 14<\/span><\/strong><br \/>\n<strong><span style=\"font-size: 8pt; color: #000000;\">Exporta tus videos en calidades full HD y 4K sin marca de agua.<\/span><\/strong><\/p>\n<p><strong><span style=\"font-size: 8pt; color: #000000;\">\ud83d\udda5\ufe0f\ud83d\udcbb\u00a0instalaci\u00f3n y activaci\u00f3n remota v\u00eda Team viewer o anydesk<\/span><\/strong><\/p>\n<p><strong><span style=\"font-size: 8pt; color: #000000;\">\ud83c\udf81 Por la compra de Filmora 14 recibes \u00abcurso edici\u00f3n de video\u00bb totalmente gratis.<\/span><\/strong><\/p>\n","protected":false},"excerpt":{"rendered":"<p>\ud83d\udccc Filmora 14 Pro (1PC) \ud83d\udd30 Licencia Permanente = s\/80 soles \ud83d\udd30 Licencia por 1 a\u00f1o = s\/50 soles \ud83d\udd30 Vinculable a tu Correo \ud83d\udd30 Funciones premium Activado Edita tus videos de manera profesional con la versi\u00f3n pro de filmora 14 Exporta tus videos en calidades full HD y 4K sin marca de agua. \ud83d\udda5\ufe0f\ud83d\udcbb\u00a0instalaci\u00f3n [&hellip;]<\/p>\n","protected":false},"featured_media":5073,"comment_status":"open","ping_status":"closed","template":"","meta":{"_et_pb_use_builder":"","_et_pb_old_content":""},"product_cat":[55,54],"product_tag":[],"yoast_head":"<!-- This site is optimized with the Yoast SEO plugin v22.3 - https:\/\/yoast.com\/wordpress\/plugins\/seo\/ -->\n<title>FILMORA 14 - RobeznoGames<\/title>\n<meta name=\"robots\" content=\"index, follow, max-snippet:-1, max-image-preview:large, max-video-preview:-1\" \/>\n<link rel=\"canonical\" href=\"https:\/\/robeznogames.com\/?product=filmora-14\" \/>\n<meta property=\"og:locale\" content=\"es_ES\" \/>\n<meta property=\"og:type\" content=\"article\" \/>\n<meta property=\"og:title\" content=\"FILMORA 14 - RobeznoGames\" \/>\n<meta property=\"og:description\" content=\"\ud83d\udccc Filmora 14 Pro (1PC) \ud83d\udd30 Licencia Permanente = s\/80 soles \ud83d\udd30 Licencia por 1 a\u00f1o = s\/50 soles \ud83d\udd30 Vinculable a tu Correo \ud83d\udd30 Funciones premium Activado Edita tus videos de manera profesional con la versi\u00f3n pro de filmora 14 Exporta tus videos en calidades full HD y 4K sin marca de agua. \ud83d\udda5\ufe0f\ud83d\udcbb\u00a0instalaci\u00f3n [&hellip;]\" \/>\n<meta property=\"og:url\" content=\"https:\/\/robeznogames.com\/?product=filmora-14\" \/>\n<meta property=\"og:site_name\" content=\"RobeznoGames\" \/>\n<meta property=\"article:modified_time\" content=\"2025-07-29T12:50:14+00:00\" \/>\n<meta property=\"og:image\" content=\"https:\/\/robeznogames.com\/wp-content\/uploads\/2025\/05\/Filmora-14-Original.jpg\" \/>\n\t<meta property=\"og:image:width\" content=\"1080\" \/>\n\t<meta property=\"og:image:height\" content=\"1112\" \/>\n\t<meta property=\"og:image:type\" content=\"image\/jpeg\" \/>\n<meta name=\"twitter:card\" content=\"summary_large_image\" \/>\n<meta name=\"twitter:label1\" content=\"Est. reading time\" \/>\n\t<meta name=\"twitter:data1\" content=\"1 minuto\" \/>\n<script type=\"application\/ld+json\" class=\"yoast-schema-graph\">{\"@context\":\"https:\/\/schema.org\",\"@graph\":[{\"@type\":\"WebPage\",\"@id\":\"https:\/\/robeznogames.com\/?product=filmora-14\",\"url\":\"https:\/\/robeznogames.com\/?product=filmora-14\",\"name\":\"FILMORA 14 - RobeznoGames\",\"isPartOf\":{\"@id\":\"https:\/\/robeznogames.com\/#website\"},\"primaryImageOfPage\":{\"@id\":\"https:\/\/robeznogames.com\/?product=filmora-14#primaryimage\"},\"image\":{\"@id\":\"https:\/\/robeznogames.com\/?product=filmora-14#primaryimage\"},\"thumbnailUrl\":\"https:\/\/robeznogames.com\/wp-content\/uploads\/2025\/05\/Filmora-14-Original.jpg\",\"datePublished\":\"2025-05-15T02:01:18+00:00\",\"dateModified\":\"2025-07-29T12:50:14+00:00\",\"breadcrumb\":{\"@id\":\"https:\/\/robeznogames.com\/?product=filmora-14#breadcrumb\"},\"inLanguage\":\"es\",\"potentialAction\":[{\"@type\":\"ReadAction\",\"target\":[\"https:\/\/robeznogames.com\/?product=filmora-14\"]}]},{\"@type\":\"ImageObject\",\"inLanguage\":\"es\",\"@id\":\"https:\/\/robeznogames.com\/?product=filmora-14#primaryimage\",\"url\":\"https:\/\/robeznogames.com\/wp-content\/uploads\/2025\/05\/Filmora-14-Original.jpg\",\"contentUrl\":\"https:\/\/robeznogames.com\/wp-content\/uploads\/2025\/05\/Filmora-14-Original.jpg\",\"width\":1080,\"height\":1112},{\"@type\":\"BreadcrumbList\",\"@id\":\"https:\/\/robeznogames.com\/?product=filmora-14#breadcrumb\",\"itemListElement\":[{\"@type\":\"ListItem\",\"position\":1,\"name\":\"Home\",\"item\":\"https:\/\/robeznogames.com\/\"},{\"@type\":\"ListItem\",\"position\":2,\"name\":\"Tienda\",\"item\":\"https:\/\/robeznogames.com\/?page_id=157\"},{\"@type\":\"ListItem\",\"position\":3,\"name\":\"FILMORA 14\"}]},{\"@type\":\"WebSite\",\"@id\":\"https:\/\/robeznogames.com\/#website\",\"url\":\"https:\/\/robeznogames.com\/\",\"name\":\"RobeznoGames\",\"description\":\"Venta de productos Digitales y Licencias de Software\",\"publisher\":{\"@id\":\"https:\/\/robeznogames.com\/#\/schema\/person\/174389b5af0598705d09bfe399c5cbe5\"},\"potentialAction\":[{\"@type\":\"SearchAction\",\"target\":{\"@type\":\"EntryPoint\",\"urlTemplate\":\"https:\/\/robeznogames.com\/?s={search_term_string}\"},\"query-input\":\"required name=search_term_string\"}],\"inLanguage\":\"es\"},{\"@type\":[\"Person\",\"Organization\"],\"@id\":\"https:\/\/robeznogames.com\/#\/schema\/person\/174389b5af0598705d09bfe399c5cbe5\",\"name\":\"xselo2\",\"image\":{\"@type\":\"ImageObject\",\"inLanguage\":\"es\",\"@id\":\"https:\/\/robeznogames.com\/#\/schema\/person\/image\/\",\"url\":\"https:\/\/robeznogames.com\/wp-content\/uploads\/2024\/03\/RBZ.png\",\"contentUrl\":\"https:\/\/robeznogames.com\/wp-content\/uploads\/2024\/03\/RBZ.png\",\"width\":421,\"height\":421,\"caption\":\"xselo2\"},\"logo\":{\"@id\":\"https:\/\/robeznogames.com\/#\/schema\/person\/image\/\"}}]}<\/script>\n<!-- \/ Yoast SEO plugin. -->","yoast_head_json":{"title":"FILMORA 14 - RobeznoGames","robots":{"index":"index","follow":"follow","max-snippet":"max-snippet:-1","max-image-preview":"max-image-preview:large","max-video-preview":"max-video-preview:-1"},"canonical":"https:\/\/robeznogames.com\/?product=filmora-14","og_locale":"es_ES","og_type":"article","og_title":"FILMORA 14 - RobeznoGames","og_description":"\ud83d\udccc Filmora 14 Pro (1PC) \ud83d\udd30 Licencia Permanente = s\/80 soles \ud83d\udd30 Licencia por 1 a\u00f1o = s\/50 soles \ud83d\udd30 Vinculable a tu Correo \ud83d\udd30 Funciones premium Activado Edita tus videos de manera profesional con la versi\u00f3n pro de filmora 14 Exporta tus videos en calidades full HD y 4K sin marca de agua. \ud83d\udda5\ufe0f\ud83d\udcbb\u00a0instalaci\u00f3n [&hellip;]","og_url":"https:\/\/robeznogames.com\/?product=filmora-14","og_site_name":"RobeznoGames","article_modified_time":"2025-07-29T12:50:14+00:00","og_image":[{"width":1080,"height":1112,"url":"https:\/\/robeznogames.com\/wp-content\/uploads\/2025\/05\/Filmora-14-Original.jpg","type":"image\/jpeg"}],"twitter_card":"summary_large_image","twitter_misc":{"Est. reading time":"1 minuto"},"schema":{"@context":"https:\/\/schema.org","@graph":[{"@type":"WebPage","@id":"https:\/\/robeznogames.com\/?product=filmora-14","url":"https:\/\/robeznogames.com\/?product=filmora-14","name":"FILMORA 14 - RobeznoGames","isPartOf":{"@id":"https:\/\/robeznogames.com\/#website"},"primaryImageOfPage":{"@id":"https:\/\/robeznogames.com\/?product=filmora-14#primaryimage"},"image":{"@id":"https:\/\/robeznogames.com\/?product=filmora-14#primaryimage"},"thumbnailUrl":"https:\/\/robeznogames.com\/wp-content\/uploads\/2025\/05\/Filmora-14-Original.jpg","datePublished":"2025-05-15T02:01:18+00:00","dateModified":"2025-07-29T12:50:14+00:00","breadcrumb":{"@id":"https:\/\/robeznogames.com\/?product=filmora-14#breadcrumb"},"inLanguage":"es","potentialAction":[{"@type":"ReadAction","target":["https:\/\/robeznogames.com\/?product=filmora-14"]}]},{"@type":"ImageObject","inLanguage":"es","@id":"https:\/\/robeznogames.com\/?product=filmora-14#primaryimage","url":"https:\/\/robeznogames.com\/wp-content\/uploads\/2025\/05\/Filmora-14-Original.jpg","contentUrl":"https:\/\/robeznogames.com\/wp-content\/uploads\/2025\/05\/Filmora-14-Original.jpg","width":1080,"height":1112},{"@type":"BreadcrumbList","@id":"https:\/\/robeznogames.com\/?product=filmora-14#breadcrumb","itemListElement":[{"@type":"ListItem","position":1,"name":"Home","item":"https:\/\/robeznogames.com\/"},{"@type":"ListItem","position":2,"name":"Tienda","item":"https:\/\/robeznogames.com\/?page_id=157"},{"@type":"ListItem","position":3,"name":"FILMORA 14"}]},{"@type":"WebSite","@id":"https:\/\/robeznogames.com\/#website","url":"https:\/\/robeznogames.com\/","name":"RobeznoGames","description":"Venta de productos Digitales y Licencias de Software","publisher":{"@id":"https:\/\/robeznogames.com\/#\/schema\/person\/174389b5af0598705d09bfe399c5cbe5"},"potentialAction":[{"@type":"SearchAction","target":{"@type":"EntryPoint","urlTemplate":"https:\/\/robeznogames.com\/?s={search_term_string}"},"query-input":"required name=search_term_string"}],"inLanguage":"es"},{"@type":["Person","Organization"],"@id":"https:\/\/robeznogames.com\/#\/schema\/person\/174389b5af0598705d09bfe399c5cbe5","name":"xselo2","image":{"@type":"ImageObject","inLanguage":"es","@id":"https:\/\/robeznogames.com\/#\/schema\/person\/image\/","url":"https:\/\/robeznogames.com\/wp-content\/uploads\/2024\/03\/RBZ.png","contentUrl":"https:\/\/robeznogames.com\/wp-content\/uploads\/2024\/03\/RBZ.png","width":421,"height":421,"caption":"xselo2"},"logo":{"@id":"https:\/\/robeznogames.com\/#\/schema\/person\/image\/"}}]}},"jetpack_sharing_enabled":true,"_links":{"self":[{"href":"https:\/\/robeznogames.com\/index.php?rest_route=\/wp\/v2\/product\/4703"}],"collection":[{"href":"https:\/\/robeznogames.com\/index.php?rest_route=\/wp\/v2\/product"}],"about":[{"href":"https:\/\/robeznogames.com\/index.php?rest_route=\/wp\/v2\/types\/product"}],"replies":[{"embeddable":true,"href":"https:\/\/robeznogames.com\/index.php?rest_route=%2Fwp%2Fv2%2Fcomments&post=4703"}],"wp:featuredmedia":[{"embeddable":true,"href":"https:\/\/robeznogames.com\/index.php?rest_route=\/wp\/v2\/media\/5073"}],"wp:attachment":[{"href":"https:\/\/robeznogames.com\/index.php?rest_route=%2Fwp%2Fv2%2Fmedia&parent=4703"}],"wp:term":[{"taxonomy":"product_cat","embeddable":true,"href":"https:\/\/robeznogames.com\/index.php?rest_route=%2Fwp%2Fv2%2Fproduct_cat&post=4703"},{"taxonomy":"product_tag","embeddable":true,"href":"https:\/\/robeznogames.com\/index.php?rest_route=%2Fwp%2Fv2%2Fproduct_tag&post=4703"}],"curies":[{"name":"wp","href":"https:\/\/api.w.org\/{rel}","templated":true}]}}