{"id":5085,"date":"2025-07-29T08:39:13","date_gmt":"2025-07-29T13:39:13","guid":{"rendered":"https:\/\/robeznogames.com\/?post_type=product&#038;p=5085"},"modified":"2026-02-24T20:19:45","modified_gmt":"2026-02-25T01:19:45","slug":"microsoft-office-2024","status":"publish","type":"product","link":"https:\/\/robeznogames.com\/?product=microsoft-office-2024","title":{"rendered":"Microsoft Office 2024"},"content":{"rendered":"<p><strong><span style=\"color: #000000; font-size: 10pt;\">\ud83d\udfe0MICROSOFT OFFICE\ud83d\udfe0<\/span><\/strong><br \/>\n<strong><span style=\"color: #000000; font-size: 10pt;\">\u2705Licencia Original<\/span><\/strong><br \/>\n<strong><span style=\"color: #000000; font-size: 10pt;\">\u2705Reusable luego del Formateo<\/span><\/strong><br \/>\n<strong><span style=\"color: #000000; font-size: 10pt;\">\u2705Vinculable a tu Correo<\/span><\/strong><\/p>\n<p><strong><span style=\"color: #000000; font-size: 10pt;\">\ud83d\udccc Microsoft Office 2024 (1PC)<\/span><\/strong><br \/>\n<strong><span style=\"color: #000000; font-size: 10pt;\">\ud83d\udd30Licencia Permanente = s\/120 soles<\/span><\/strong><br \/>\n<strong><span style=\"color: #000000; font-size: 10pt;\">\ud83d\udd30Licencia por 1 a\u00f1o = s\/65 soles<\/span><\/strong><\/p>\n<p><strong><span style=\"color: #000000; font-size: 10pt;\">instalaci\u00f3n y activaci\u00f3n remota v\u00eda Team viewer<\/span><\/strong><\/p>\n<p><strong><span style=\"color: #000000; font-size: 10pt;\">Aceptamos pagos por: YAPE &#8211; PLIN<\/span><\/strong><\/p>\n","protected":false},"excerpt":{"rendered":"<p>\ud83d\udfe0MICROSOFT OFFICE\ud83d\udfe0 \u2705Licencia Original \u2705Reusable luego del Formateo \u2705Vinculable a tu Correo \ud83d\udccc Microsoft Office 2024 (1PC) \ud83d\udd30Licencia Permanente = s\/120 soles \ud83d\udd30Licencia por 1 a\u00f1o = s\/65 soles instalaci\u00f3n y activaci\u00f3n remota v\u00eda Team viewer Aceptamos pagos por: YAPE &#8211; PLIN<\/p>\n","protected":false},"featured_media":5086,"comment_status":"open","ping_status":"closed","template":"","meta":{"_et_pb_use_builder":"","_et_pb_old_content":""},"product_cat":[82,54],"product_tag":[],"yoast_head":"<!-- This site is optimized with the Yoast SEO plugin v22.3 - https:\/\/yoast.com\/wordpress\/plugins\/seo\/ -->\n<title>Microsoft Office 2024 - RobeznoGames<\/title>\n<meta name=\"robots\" content=\"index, follow, max-snippet:-1, max-image-preview:large, max-video-preview:-1\" \/>\n<link rel=\"canonical\" href=\"https:\/\/robeznogames.com\/?product=microsoft-office-2024\" \/>\n<meta property=\"og:locale\" content=\"es_ES\" \/>\n<meta property=\"og:type\" content=\"article\" \/>\n<meta property=\"og:title\" content=\"Microsoft Office 2024 - RobeznoGames\" \/>\n<meta property=\"og:description\" content=\"\ud83d\udfe0MICROSOFT OFFICE\ud83d\udfe0 \u2705Licencia Original \u2705Reusable luego del Formateo \u2705Vinculable a tu Correo \ud83d\udccc Microsoft Office 2024 (1PC) \ud83d\udd30Licencia Permanente = s\/120 soles \ud83d\udd30Licencia por 1 a\u00f1o = s\/65 soles instalaci\u00f3n y activaci\u00f3n remota v\u00eda Team viewer Aceptamos pagos por: YAPE &#8211; PLIN\" \/>\n<meta property=\"og:url\" content=\"https:\/\/robeznogames.com\/?product=microsoft-office-2024\" \/>\n<meta property=\"og:site_name\" content=\"RobeznoGames\" \/>\n<meta property=\"article:modified_time\" content=\"2026-02-25T01:19:45+00:00\" \/>\n<meta property=\"og:image\" content=\"https:\/\/robeznogames.com\/wp-content\/uploads\/2025\/07\/Office-2024.jpg\" \/>\n\t<meta property=\"og:image:width\" content=\"1280\" \/>\n\t<meta property=\"og:image:height\" content=\"1280\" \/>\n\t<meta property=\"og:image:type\" content=\"image\/jpeg\" \/>\n<meta name=\"twitter:card\" content=\"summary_large_image\" \/>\n<meta name=\"twitter:label1\" content=\"Est. reading time\" \/>\n\t<meta name=\"twitter:data1\" content=\"1 minuto\" \/>\n<script type=\"application\/ld+json\" class=\"yoast-schema-graph\">{\"@context\":\"https:\/\/schema.org\",\"@graph\":[{\"@type\":\"WebPage\",\"@id\":\"https:\/\/robeznogames.com\/?product=microsoft-office-2024\",\"url\":\"https:\/\/robeznogames.com\/?product=microsoft-office-2024\",\"name\":\"Microsoft Office 2024 - RobeznoGames\",\"isPartOf\":{\"@id\":\"https:\/\/robeznogames.com\/#website\"},\"primaryImageOfPage\":{\"@id\":\"https:\/\/robeznogames.com\/?product=microsoft-office-2024#primaryimage\"},\"image\":{\"@id\":\"https:\/\/robeznogames.com\/?product=microsoft-office-2024#primaryimage\"},\"thumbnailUrl\":\"https:\/\/robeznogames.com\/wp-content\/uploads\/2025\/07\/Office-2024.jpg\",\"datePublished\":\"2025-07-29T13:39:13+00:00\",\"dateModified\":\"2026-02-25T01:19:45+00:00\",\"breadcrumb\":{\"@id\":\"https:\/\/robeznogames.com\/?product=microsoft-office-2024#breadcrumb\"},\"inLanguage\":\"es\",\"potentialAction\":[{\"@type\":\"ReadAction\",\"target\":[\"https:\/\/robeznogames.com\/?product=microsoft-office-2024\"]}]},{\"@type\":\"ImageObject\",\"inLanguage\":\"es\",\"@id\":\"https:\/\/robeznogames.com\/?product=microsoft-office-2024#primaryimage\",\"url\":\"https:\/\/robeznogames.com\/wp-content\/uploads\/2025\/07\/Office-2024.jpg\",\"contentUrl\":\"https:\/\/robeznogames.com\/wp-content\/uploads\/2025\/07\/Office-2024.jpg\",\"width\":1280,\"height\":1280},{\"@type\":\"BreadcrumbList\",\"@id\":\"https:\/\/robeznogames.com\/?product=microsoft-office-2024#breadcrumb\",\"itemListElement\":[{\"@type\":\"ListItem\",\"position\":1,\"name\":\"Home\",\"item\":\"https:\/\/robeznogames.com\/\"},{\"@type\":\"ListItem\",\"position\":2,\"name\":\"Tienda\",\"item\":\"https:\/\/robeznogames.com\/?page_id=157\"},{\"@type\":\"ListItem\",\"position\":3,\"name\":\"Microsoft Office 2024\"}]},{\"@type\":\"WebSite\",\"@id\":\"https:\/\/robeznogames.com\/#website\",\"url\":\"https:\/\/robeznogames.com\/\",\"name\":\"RobeznoGames\",\"description\":\"Venta de productos Digitales y Licencias de Software\",\"publisher\":{\"@id\":\"https:\/\/robeznogames.com\/#\/schema\/person\/174389b5af0598705d09bfe399c5cbe5\"},\"potentialAction\":[{\"@type\":\"SearchAction\",\"target\":{\"@type\":\"EntryPoint\",\"urlTemplate\":\"https:\/\/robeznogames.com\/?s={search_term_string}\"},\"query-input\":\"required name=search_term_string\"}],\"inLanguage\":\"es\"},{\"@type\":[\"Person\",\"Organization\"],\"@id\":\"https:\/\/robeznogames.com\/#\/schema\/person\/174389b5af0598705d09bfe399c5cbe5\",\"name\":\"xselo2\",\"image\":{\"@type\":\"ImageObject\",\"inLanguage\":\"es\",\"@id\":\"https:\/\/robeznogames.com\/#\/schema\/person\/image\/\",\"url\":\"https:\/\/robeznogames.com\/wp-content\/uploads\/2024\/03\/RBZ.png\",\"contentUrl\":\"https:\/\/robeznogames.com\/wp-content\/uploads\/2024\/03\/RBZ.png\",\"width\":421,\"height\":421,\"caption\":\"xselo2\"},\"logo\":{\"@id\":\"https:\/\/robeznogames.com\/#\/schema\/person\/image\/\"}}]}<\/script>\n<!-- \/ Yoast SEO plugin. -->","yoast_head_json":{"title":"Microsoft Office 2024 - RobeznoGames","robots":{"index":"index","follow":"follow","max-snippet":"max-snippet:-1","max-image-preview":"max-image-preview:large","max-video-preview":"max-video-preview:-1"},"canonical":"https:\/\/robeznogames.com\/?product=microsoft-office-2024","og_locale":"es_ES","og_type":"article","og_title":"Microsoft Office 2024 - RobeznoGames","og_description":"\ud83d\udfe0MICROSOFT OFFICE\ud83d\udfe0 \u2705Licencia Original \u2705Reusable luego del Formateo \u2705Vinculable a tu Correo \ud83d\udccc Microsoft Office 2024 (1PC) \ud83d\udd30Licencia Permanente = s\/120 soles \ud83d\udd30Licencia por 1 a\u00f1o = s\/65 soles instalaci\u00f3n y activaci\u00f3n remota v\u00eda Team viewer Aceptamos pagos por: YAPE &#8211; PLIN","og_url":"https:\/\/robeznogames.com\/?product=microsoft-office-2024","og_site_name":"RobeznoGames","article_modified_time":"2026-02-25T01:19:45+00:00","og_image":[{"width":1280,"height":1280,"url":"https:\/\/robeznogames.com\/wp-content\/uploads\/2025\/07\/Office-2024.jpg","type":"image\/jpeg"}],"twitter_card":"summary_large_image","twitter_misc":{"Est. reading time":"1 minuto"},"schema":{"@context":"https:\/\/schema.org","@graph":[{"@type":"WebPage","@id":"https:\/\/robeznogames.com\/?product=microsoft-office-2024","url":"https:\/\/robeznogames.com\/?product=microsoft-office-2024","name":"Microsoft Office 2024 - RobeznoGames","isPartOf":{"@id":"https:\/\/robeznogames.com\/#website"},"primaryImageOfPage":{"@id":"https:\/\/robeznogames.com\/?product=microsoft-office-2024#primaryimage"},"image":{"@id":"https:\/\/robeznogames.com\/?product=microsoft-office-2024#primaryimage"},"thumbnailUrl":"https:\/\/robeznogames.com\/wp-content\/uploads\/2025\/07\/Office-2024.jpg","datePublished":"2025-07-29T13:39:13+00:00","dateModified":"2026-02-25T01:19:45+00:00","breadcrumb":{"@id":"https:\/\/robeznogames.com\/?product=microsoft-office-2024#breadcrumb"},"inLanguage":"es","potentialAction":[{"@type":"ReadAction","target":["https:\/\/robeznogames.com\/?product=microsoft-office-2024"]}]},{"@type":"ImageObject","inLanguage":"es","@id":"https:\/\/robeznogames.com\/?product=microsoft-office-2024#primaryimage","url":"https:\/\/robeznogames.com\/wp-content\/uploads\/2025\/07\/Office-2024.jpg","contentUrl":"https:\/\/robeznogames.com\/wp-content\/uploads\/2025\/07\/Office-2024.jpg","width":1280,"height":1280},{"@type":"BreadcrumbList","@id":"https:\/\/robeznogames.com\/?product=microsoft-office-2024#breadcrumb","itemListElement":[{"@type":"ListItem","position":1,"name":"Home","item":"https:\/\/robeznogames.com\/"},{"@type":"ListItem","position":2,"name":"Tienda","item":"https:\/\/robeznogames.com\/?page_id=157"},{"@type":"ListItem","position":3,"name":"Microsoft Office 2024"}]},{"@type":"WebSite","@id":"https:\/\/robeznogames.com\/#website","url":"https:\/\/robeznogames.com\/","name":"RobeznoGames","description":"Venta de productos Digitales y Licencias de Software","publisher":{"@id":"https:\/\/robeznogames.com\/#\/schema\/person\/174389b5af0598705d09bfe399c5cbe5"},"potentialAction":[{"@type":"SearchAction","target":{"@type":"EntryPoint","urlTemplate":"https:\/\/robeznogames.com\/?s={search_term_string}"},"query-input":"required name=search_term_string"}],"inLanguage":"es"},{"@type":["Person","Organization"],"@id":"https:\/\/robeznogames.com\/#\/schema\/person\/174389b5af0598705d09bfe399c5cbe5","name":"xselo2","image":{"@type":"ImageObject","inLanguage":"es","@id":"https:\/\/robeznogames.com\/#\/schema\/person\/image\/","url":"https:\/\/robeznogames.com\/wp-content\/uploads\/2024\/03\/RBZ.png","contentUrl":"https:\/\/robeznogames.com\/wp-content\/uploads\/2024\/03\/RBZ.png","width":421,"height":421,"caption":"xselo2"},"logo":{"@id":"https:\/\/robeznogames.com\/#\/schema\/person\/image\/"}}]}},"jetpack_sharing_enabled":true,"_links":{"self":[{"href":"https:\/\/robeznogames.com\/index.php?rest_route=\/wp\/v2\/product\/5085"}],"collection":[{"href":"https:\/\/robeznogames.com\/index.php?rest_route=\/wp\/v2\/product"}],"about":[{"href":"https:\/\/robeznogames.com\/index.php?rest_route=\/wp\/v2\/types\/product"}],"replies":[{"embeddable":true,"href":"https:\/\/robeznogames.com\/index.php?rest_route=%2Fwp%2Fv2%2Fcomments&post=5085"}],"wp:featuredmedia":[{"embeddable":true,"href":"https:\/\/robeznogames.com\/index.php?rest_route=\/wp\/v2\/media\/5086"}],"wp:attachment":[{"href":"https:\/\/robeznogames.com\/index.php?rest_route=%2Fwp%2Fv2%2Fmedia&parent=5085"}],"wp:term":[{"taxonomy":"product_cat","embeddable":true,"href":"https:\/\/robeznogames.com\/index.php?rest_route=%2Fwp%2Fv2%2Fproduct_cat&post=5085"},{"taxonomy":"product_tag","embeddable":true,"href":"https:\/\/robeznogames.com\/index.php?rest_route=%2Fwp%2Fv2%2Fproduct_tag&post=5085"}],"curies":[{"name":"wp","href":"https:\/\/api.w.org\/{rel}","templated":true}]}}