{"id":5293,"date":"2026-02-24T20:00:58","date_gmt":"2026-02-25T01:00:58","guid":{"rendered":"https:\/\/robeznogames.com\/?post_type=product&#038;p=5293"},"modified":"2026-02-24T20:00:58","modified_gmt":"2026-02-25T01:00:58","slug":"droplet-2gb-ram","status":"publish","type":"product","link":"https:\/\/robeznogames.com\/?product=droplet-2gb-ram","title":{"rendered":"DROPLET 2GB RAM"},"content":{"rendered":"<p><span style=\"color: #000000; font-size: 8pt;\"><strong>\ud83d\udd37VENTA DE DROPLET\ud83d\udd37<\/strong><\/span><br \/>\n<span style=\"color: #000000; font-size: 8pt;\"><strong>Con la droplet puedes administrar tu usuario de http injector como crear nuevo usuario, eliminar usuario, editar usuario y contrase\u00f1a, poner d\u00edas de duraci\u00f3n al servidor ehi, poner la cantidad espec\u00edfica de personas que se conectaran al servidor ehi, bloquear y desbloquear la conexi\u00f3n del servidor ehi a internet<\/strong><\/span><\/p>\n<p><span style=\"color: #000000; font-size: 8pt;\"><strong>\u2747\ufe0fESPECIFICACIONES\u2747\ufe0f<\/strong><\/span><\/p>\n<p><span style=\"color: #000000; font-size: 8pt;\"><strong>\ud83d\udd37PROCESADOR: 1 CPU<\/strong><\/span><br \/>\n<span style=\"color: #000000; font-size: 8pt;\"><strong>\ud83d\udd37RAM: 2GB<\/strong><\/span><br \/>\n<span style=\"color: #000000; font-size: 8pt;\"><strong>\ud83d\udd37DISCO: 40GB SSD<\/strong><\/span><br \/>\n<span style=\"color: #000000; font-size: 8pt;\"><strong>\ud83d\udd37TRAFICO: ILIMITADO<\/strong><\/span><br \/>\n<span style=\"color: #000000; font-size: 8pt;\"><strong>\ud83d\udd37SO: UBUNTU 22.04 LTS<\/strong><\/span><\/p>\n<p><span style=\"color: #000000; font-size: 8pt;\"><strong>IP VPS: \ud83c\uddf5\ud83c\uddea PER\u00da.<\/strong><\/span><\/p>\n<p><span style=\"color: #000000; font-size: 8pt;\"><strong>TODO CONFIGURADO VIENE CON SU SERVIDOR EHI LIBRE PARA ENTEL, BITEL CLARO Y MOVISTAR<\/strong><\/span><\/p>\n<p><span style=\"color: #000000; font-size: 8pt;\"><strong>PRECIO: S\/.50 SOLES\/MES<\/strong><\/span><\/p>\n<p><span style=\"color: #000000; font-size: 8pt;\"><strong>RENOVABLE: S\u00cd<\/strong><\/span><\/p>\n","protected":false},"excerpt":{"rendered":"<p>\ud83d\udd37VENTA DE DROPLET\ud83d\udd37 Con la droplet puedes administrar tu usuario de http injector como crear nuevo usuario, eliminar usuario, editar usuario y contrase\u00f1a, poner d\u00edas de duraci\u00f3n al servidor ehi, poner la cantidad espec\u00edfica de personas que se conectaran al servidor ehi, bloquear y desbloquear la conexi\u00f3n del servidor ehi a internet \u2747\ufe0fESPECIFICACIONES\u2747\ufe0f \ud83d\udd37PROCESADOR: 1 [&hellip;]<\/p>\n","protected":false},"featured_media":5294,"comment_status":"open","ping_status":"closed","template":"","meta":{"_et_pb_use_builder":"","_et_pb_old_content":""},"product_cat":[37,27],"product_tag":[],"yoast_head":"<!-- This site is optimized with the Yoast SEO plugin v22.3 - https:\/\/yoast.com\/wordpress\/plugins\/seo\/ -->\n<title>DROPLET 2GB RAM - RobeznoGames<\/title>\n<meta name=\"robots\" content=\"index, follow, max-snippet:-1, max-image-preview:large, max-video-preview:-1\" \/>\n<link rel=\"canonical\" href=\"https:\/\/robeznogames.com\/?product=droplet-2gb-ram\" \/>\n<meta property=\"og:locale\" content=\"es_ES\" \/>\n<meta property=\"og:type\" content=\"article\" \/>\n<meta property=\"og:title\" content=\"DROPLET 2GB RAM - RobeznoGames\" \/>\n<meta property=\"og:description\" content=\"\ud83d\udd37VENTA DE DROPLET\ud83d\udd37 Con la droplet puedes administrar tu usuario de http injector como crear nuevo usuario, eliminar usuario, editar usuario y contrase\u00f1a, poner d\u00edas de duraci\u00f3n al servidor ehi, poner la cantidad espec\u00edfica de personas que se conectaran al servidor ehi, bloquear y desbloquear la conexi\u00f3n del servidor ehi a internet \u2747\ufe0fESPECIFICACIONES\u2747\ufe0f \ud83d\udd37PROCESADOR: 1 [&hellip;]\" \/>\n<meta property=\"og:url\" content=\"https:\/\/robeznogames.com\/?product=droplet-2gb-ram\" \/>\n<meta property=\"og:site_name\" content=\"RobeznoGames\" \/>\n<meta property=\"og:image\" content=\"https:\/\/robeznogames.com\/wp-content\/uploads\/2026\/02\/droplet-2gb-ram.png\" \/>\n\t<meta property=\"og:image:width\" content=\"1080\" \/>\n\t<meta property=\"og:image:height\" content=\"1080\" \/>\n\t<meta property=\"og:image:type\" content=\"image\/png\" \/>\n<meta name=\"twitter:card\" content=\"summary_large_image\" \/>\n<meta name=\"twitter:label1\" content=\"Est. reading time\" \/>\n\t<meta name=\"twitter:data1\" content=\"1 minuto\" \/>\n<script type=\"application\/ld+json\" class=\"yoast-schema-graph\">{\"@context\":\"https:\/\/schema.org\",\"@graph\":[{\"@type\":\"WebPage\",\"@id\":\"https:\/\/robeznogames.com\/?product=droplet-2gb-ram\",\"url\":\"https:\/\/robeznogames.com\/?product=droplet-2gb-ram\",\"name\":\"DROPLET 2GB RAM - RobeznoGames\",\"isPartOf\":{\"@id\":\"https:\/\/robeznogames.com\/#website\"},\"primaryImageOfPage\":{\"@id\":\"https:\/\/robeznogames.com\/?product=droplet-2gb-ram#primaryimage\"},\"image\":{\"@id\":\"https:\/\/robeznogames.com\/?product=droplet-2gb-ram#primaryimage\"},\"thumbnailUrl\":\"https:\/\/robeznogames.com\/wp-content\/uploads\/2026\/02\/droplet-2gb-ram.png\",\"datePublished\":\"2026-02-25T01:00:58+00:00\",\"dateModified\":\"2026-02-25T01:00:58+00:00\",\"breadcrumb\":{\"@id\":\"https:\/\/robeznogames.com\/?product=droplet-2gb-ram#breadcrumb\"},\"inLanguage\":\"es\",\"potentialAction\":[{\"@type\":\"ReadAction\",\"target\":[\"https:\/\/robeznogames.com\/?product=droplet-2gb-ram\"]}]},{\"@type\":\"ImageObject\",\"inLanguage\":\"es\",\"@id\":\"https:\/\/robeznogames.com\/?product=droplet-2gb-ram#primaryimage\",\"url\":\"https:\/\/robeznogames.com\/wp-content\/uploads\/2026\/02\/droplet-2gb-ram.png\",\"contentUrl\":\"https:\/\/robeznogames.com\/wp-content\/uploads\/2026\/02\/droplet-2gb-ram.png\",\"width\":1080,\"height\":1080},{\"@type\":\"BreadcrumbList\",\"@id\":\"https:\/\/robeznogames.com\/?product=droplet-2gb-ram#breadcrumb\",\"itemListElement\":[{\"@type\":\"ListItem\",\"position\":1,\"name\":\"Home\",\"item\":\"https:\/\/robeznogames.com\/\"},{\"@type\":\"ListItem\",\"position\":2,\"name\":\"Tienda\",\"item\":\"https:\/\/robeznogames.com\/?page_id=157\"},{\"@type\":\"ListItem\",\"position\":3,\"name\":\"DROPLET 2GB RAM\"}]},{\"@type\":\"WebSite\",\"@id\":\"https:\/\/robeznogames.com\/#website\",\"url\":\"https:\/\/robeznogames.com\/\",\"name\":\"RobeznoGames\",\"description\":\"Venta de productos Digitales y Licencias de Software\",\"publisher\":{\"@id\":\"https:\/\/robeznogames.com\/#\/schema\/person\/174389b5af0598705d09bfe399c5cbe5\"},\"potentialAction\":[{\"@type\":\"SearchAction\",\"target\":{\"@type\":\"EntryPoint\",\"urlTemplate\":\"https:\/\/robeznogames.com\/?s={search_term_string}\"},\"query-input\":\"required name=search_term_string\"}],\"inLanguage\":\"es\"},{\"@type\":[\"Person\",\"Organization\"],\"@id\":\"https:\/\/robeznogames.com\/#\/schema\/person\/174389b5af0598705d09bfe399c5cbe5\",\"name\":\"xselo2\",\"image\":{\"@type\":\"ImageObject\",\"inLanguage\":\"es\",\"@id\":\"https:\/\/robeznogames.com\/#\/schema\/person\/image\/\",\"url\":\"https:\/\/robeznogames.com\/wp-content\/uploads\/2024\/03\/RBZ.png\",\"contentUrl\":\"https:\/\/robeznogames.com\/wp-content\/uploads\/2024\/03\/RBZ.png\",\"width\":421,\"height\":421,\"caption\":\"xselo2\"},\"logo\":{\"@id\":\"https:\/\/robeznogames.com\/#\/schema\/person\/image\/\"}}]}<\/script>\n<!-- \/ Yoast SEO plugin. -->","yoast_head_json":{"title":"DROPLET 2GB RAM - RobeznoGames","robots":{"index":"index","follow":"follow","max-snippet":"max-snippet:-1","max-image-preview":"max-image-preview:large","max-video-preview":"max-video-preview:-1"},"canonical":"https:\/\/robeznogames.com\/?product=droplet-2gb-ram","og_locale":"es_ES","og_type":"article","og_title":"DROPLET 2GB RAM - RobeznoGames","og_description":"\ud83d\udd37VENTA DE DROPLET\ud83d\udd37 Con la droplet puedes administrar tu usuario de http injector como crear nuevo usuario, eliminar usuario, editar usuario y contrase\u00f1a, poner d\u00edas de duraci\u00f3n al servidor ehi, poner la cantidad espec\u00edfica de personas que se conectaran al servidor ehi, bloquear y desbloquear la conexi\u00f3n del servidor ehi a internet \u2747\ufe0fESPECIFICACIONES\u2747\ufe0f \ud83d\udd37PROCESADOR: 1 [&hellip;]","og_url":"https:\/\/robeznogames.com\/?product=droplet-2gb-ram","og_site_name":"RobeznoGames","og_image":[{"width":1080,"height":1080,"url":"https:\/\/robeznogames.com\/wp-content\/uploads\/2026\/02\/droplet-2gb-ram.png","type":"image\/png"}],"twitter_card":"summary_large_image","twitter_misc":{"Est. reading time":"1 minuto"},"schema":{"@context":"https:\/\/schema.org","@graph":[{"@type":"WebPage","@id":"https:\/\/robeznogames.com\/?product=droplet-2gb-ram","url":"https:\/\/robeznogames.com\/?product=droplet-2gb-ram","name":"DROPLET 2GB RAM - RobeznoGames","isPartOf":{"@id":"https:\/\/robeznogames.com\/#website"},"primaryImageOfPage":{"@id":"https:\/\/robeznogames.com\/?product=droplet-2gb-ram#primaryimage"},"image":{"@id":"https:\/\/robeznogames.com\/?product=droplet-2gb-ram#primaryimage"},"thumbnailUrl":"https:\/\/robeznogames.com\/wp-content\/uploads\/2026\/02\/droplet-2gb-ram.png","datePublished":"2026-02-25T01:00:58+00:00","dateModified":"2026-02-25T01:00:58+00:00","breadcrumb":{"@id":"https:\/\/robeznogames.com\/?product=droplet-2gb-ram#breadcrumb"},"inLanguage":"es","potentialAction":[{"@type":"ReadAction","target":["https:\/\/robeznogames.com\/?product=droplet-2gb-ram"]}]},{"@type":"ImageObject","inLanguage":"es","@id":"https:\/\/robeznogames.com\/?product=droplet-2gb-ram#primaryimage","url":"https:\/\/robeznogames.com\/wp-content\/uploads\/2026\/02\/droplet-2gb-ram.png","contentUrl":"https:\/\/robeznogames.com\/wp-content\/uploads\/2026\/02\/droplet-2gb-ram.png","width":1080,"height":1080},{"@type":"BreadcrumbList","@id":"https:\/\/robeznogames.com\/?product=droplet-2gb-ram#breadcrumb","itemListElement":[{"@type":"ListItem","position":1,"name":"Home","item":"https:\/\/robeznogames.com\/"},{"@type":"ListItem","position":2,"name":"Tienda","item":"https:\/\/robeznogames.com\/?page_id=157"},{"@type":"ListItem","position":3,"name":"DROPLET 2GB RAM"}]},{"@type":"WebSite","@id":"https:\/\/robeznogames.com\/#website","url":"https:\/\/robeznogames.com\/","name":"RobeznoGames","description":"Venta de productos Digitales y Licencias de Software","publisher":{"@id":"https:\/\/robeznogames.com\/#\/schema\/person\/174389b5af0598705d09bfe399c5cbe5"},"potentialAction":[{"@type":"SearchAction","target":{"@type":"EntryPoint","urlTemplate":"https:\/\/robeznogames.com\/?s={search_term_string}"},"query-input":"required name=search_term_string"}],"inLanguage":"es"},{"@type":["Person","Organization"],"@id":"https:\/\/robeznogames.com\/#\/schema\/person\/174389b5af0598705d09bfe399c5cbe5","name":"xselo2","image":{"@type":"ImageObject","inLanguage":"es","@id":"https:\/\/robeznogames.com\/#\/schema\/person\/image\/","url":"https:\/\/robeznogames.com\/wp-content\/uploads\/2024\/03\/RBZ.png","contentUrl":"https:\/\/robeznogames.com\/wp-content\/uploads\/2024\/03\/RBZ.png","width":421,"height":421,"caption":"xselo2"},"logo":{"@id":"https:\/\/robeznogames.com\/#\/schema\/person\/image\/"}}]}},"jetpack_sharing_enabled":true,"_links":{"self":[{"href":"https:\/\/robeznogames.com\/index.php?rest_route=\/wp\/v2\/product\/5293"}],"collection":[{"href":"https:\/\/robeznogames.com\/index.php?rest_route=\/wp\/v2\/product"}],"about":[{"href":"https:\/\/robeznogames.com\/index.php?rest_route=\/wp\/v2\/types\/product"}],"replies":[{"embeddable":true,"href":"https:\/\/robeznogames.com\/index.php?rest_route=%2Fwp%2Fv2%2Fcomments&post=5293"}],"wp:featuredmedia":[{"embeddable":true,"href":"https:\/\/robeznogames.com\/index.php?rest_route=\/wp\/v2\/media\/5294"}],"wp:attachment":[{"href":"https:\/\/robeznogames.com\/index.php?rest_route=%2Fwp%2Fv2%2Fmedia&parent=5293"}],"wp:term":[{"taxonomy":"product_cat","embeddable":true,"href":"https:\/\/robeznogames.com\/index.php?rest_route=%2Fwp%2Fv2%2Fproduct_cat&post=5293"},{"taxonomy":"product_tag","embeddable":true,"href":"https:\/\/robeznogames.com\/index.php?rest_route=%2Fwp%2Fv2%2Fproduct_tag&post=5293"}],"curies":[{"name":"wp","href":"https:\/\/api.w.org\/{rel}","templated":true}]}}